{"id":624,"date":"2026-03-20T17:12:28","date_gmt":"2026-03-20T16:12:28","guid":{"rendered":"https:\/\/meblo-mat.com\/?page_id=624"},"modified":"2026-03-20T17:13:03","modified_gmt":"2026-03-20T16:13:03","slug":"regulamin","status":"publish","type":"page","link":"https:\/\/meblo-mat.com\/de\/regulamin\/","title":{"rendered":"AGB"},"content":{"rendered":"<div data-elementor-type=\"wp-page\" data-elementor-id=\"624\" class=\"elementor elementor-624\" data-elementor-post-type=\"page\">\n\t\t\t\t<div data-particle_enable=\"false\" data-particle-mobile-disabled=\"false\" class=\"elementor-element elementor-element-780c6c63 e-flex e-con-boxed e-con e-parent\" data-id=\"780c6c63\" data-element_type=\"container\" data-e-type=\"container\">\n\t\t\t\t\t<div class=\"e-con-inner\">\n\t\t\t\t<div class=\"elementor-element elementor-element-3d1abd14 elementor-widget elementor-widget-text-editor\" data-id=\"3d1abd14\" data-element_type=\"widget\" data-e-type=\"widget\" data-widget_type=\"text-editor.default\">\n\t\t\t\t\t\t\t\t\t<h1 class=\"page-title text-center\">Regulamin serwisu<\/h1><h2>I. Poj\u0119cia og\u00f3lne<\/h2><ul><li><strong>AGB<\/strong> \u2013 niniejszy regulamin<\/li><li><strong>Serwis<\/strong> \u2013 serwis internetowych &#8222;Meblo-mat.com&#8221;, dzia\u0142aj\u0105cych pod adresem https:\/\/meblo-mat.com<\/li><li><strong>Us\u0142ugodawca<\/strong> \u2013 firma &#8222;MebloMat Pawe\u0142 Matu\u0142a&#8221; z adresem siedziby: Strysz\u00f3w 519, 34\u2011146 Strysz\u00f3w, NIP: 5512202643,<\/li><li><strong>Us\u0142ugobiorca<\/strong> \u2013 ka\u017cda osoba fizyczna, uzyskuj\u0105ca dost\u0119p do Serwisu i korzystaj\u0105ca z us\u0142ug \u015bwiadczonych za po\u015brednictwem Serwisu przez Us\u0142ugodawc\u0119.<\/li><li><strong>Komunikacja Drog\u0105 Elektroniczn\u0105<\/strong> \u2013 Komunikacja pomi\u0119dzy stronami za po\u015brednictwem poczty elektronicznej (e-mail) oraz formularzy kontaktowych dost\u0119pnych na stronie www.<\/li><\/ul><h2>II. Postanowienia og\u00f3lne<\/h2><ul><li>Regulamin, okre\u015bla zasady funkcjonowania i u\u017cytkowania Serwisu oraz okre\u015bla zakres praw i obowi\u0105zk\u00f3w Us\u0142ugobiorc\u00f3w i Us\u0142ugodawcy zwi\u0105zanych z u\u017cytkowaniem Serwisu.<\/li><li>Przedmiotem us\u0142ug Us\u0142ugodawcy jest udost\u0119pnienie nieodp\u0142atnych narz\u0119dzi w postaci Serwisu, umo\u017cliwiaj\u0105cych Us\u0142ugobiorcom dost\u0119p do tre\u015bci w postaci wpis\u00f3w, artyku\u0142\u00f3w i materia\u0142\u00f3w audiowizualnych lub aplikacji internetowych i formularzy elektronicznych<\/li><li>Wszelkie ewentualne tre\u015bci, artyku\u0142y i informacje zawieraj\u0105ce cechy wskaz\u00f3wek lub porad publikowane na \u0142amach Serwisu s\u0105 jedynie og\u00f3lnym zbiorem informacji i nie s\u0105 kierowane do poszczeg\u00f3lnych Us\u0142ugobiorc\u00f3w. Us\u0142ugodawca nie ponosi odpowiedzialno\u015bci za wykorzystanie ich przez Us\u0142ugobiorc\u00f3w.<\/li><li>Us\u0142ugobiorca bierze na siebie pe\u0142n\u0105 odpowiedzialno za spos\u00f3b wykorzystania materia\u0142\u00f3w udost\u0119pnianych w ramach Serwisu w tym za wykorzystanie ich zgodnie z obowi\u0105zuj\u0105cymi przepisami prawa.<\/li><li>Us\u0142ugodawca nie udziela \u017cadnej gwarancji co do przydatno\u015bci materia\u0142\u00f3w umieszczonych w Serwisie.<\/li><li>Us\u0142ugodawca nie ponosi odpowiedzialno\u015bci z tytu\u0142u ewentualnych szk\u00f3d poniesionych przez Us\u0142ugobiorc\u00f3w Serwisu lub osoby trzecie w zwi\u0105zku z korzystaniem z Serwisu. Wszelkie ryzyko zwi\u0105zane z korzystaniem z Serwisu, a w szczeg\u00f3lno\u015bci z u\u017cywaniem i wykorzystywaniem informacji umieszczonych w Serwisie, ponosi Us\u0142ugobiorca korzystaj\u0105cy z us\u0142ug Serwisu.<\/li><\/ul><h2>III. Warunki u\u017cywania Serwisu<\/h2><ul><li>U\u017cywanie Serwisu przez ka\u017cdego z Us\u0142ugobiorc\u00f3w jest nieodp\u0142atne i dobrowolne.<\/li><li>Us\u0142ugobiorcy maj\u0105 obowi\u0105zek zapoznania si\u0119 z Regulaminem oraz pozosta\u0142ymi dokumentami stanowi\u0105cymi jego integraln\u0105 cz\u0119\u015b\u0107 i musz\u0105 zaakceptowa\u0107 w ca\u0142o\u015bci jego postanowienia w celu dalszego korzystania z Serwisu.<\/li><li>Us\u0142ugobiorcy nie mog\u0105 wykorzystywa\u0107 \u017cadnych pozyskanych w Serwisie danych osobowych do cel\u00f3w marketingowych.<\/li><li>Wymagania techniczne korzystania z Serwisu:<ul><li>urz\u0105dzenie z wy\u015bwietlaczem umo\u017cliwiaj\u0105ce wy\u015bwietlanie stron internetowych,<\/li><li>po\u0142\u0105czenie z internetem,<\/li><li>dowolna przegl\u0105darka internetowa, kt\u00f3ra wy\u015bwietla strony internetowe zgodnie ze standardami i postanowieniami Konsorcjum W3C i obs\u0142uguje strony www udost\u0119pniane w j\u0119zyku HTML5,<\/li><li>w\u0142\u0105czon\u0105 obs\u0142ug\u0119 skrypt\u00f3w JavaScript,<\/li><li>w\u0142\u0105czon\u0105 obs\u0142ug\u0119 plik\u00f3w Cookie<\/li><\/ul><\/li><li>W celu zapewnienia bezpiecze\u0144stwa Us\u0142ugodawcy, Us\u0142ugobiorcy oraz innych Us\u0142ugobiorc\u00f3w korzystaj\u0105cych z Serwisu, wszyscy Us\u0142ugobiorcy korzystaj\u0105cy z Serwisu powinni stosowa\u0107 si\u0119 do og\u00f3lnie przyj\u0119tych <a href=\"https:\/\/nety.pl\/cyberbezpieczenstwo\/zasady-ogolne-korzystania-z-sieci-internet\/\">zasad bezpiecze\u0144stwa w sieci<\/a>,<\/li><li>Zabrania si\u0119 dzia\u0142a\u0144 wykonywanych osobi\u015bcie przez Us\u0142ugobiorc\u00f3w lub przy u\u017cyciu oprorgamowania:<ul><li>bez zgody pisemnej, dekompilacji i analizy kodu \u017ar\u00f3d\u0142owego,<\/li><li>bez zgody pisemnej, powoduj\u0105cych nadmierne obci\u0105\u017cenie serwera Serwisu,<\/li><li>bez zgody pisemnej, pr\u00f3b wykrycia luk w zabezpieczeniach Serwisu i konfiguracji serwera,<\/li><li>podejmowania pr\u00f3b wgrywania lub wszczykiwania na serwer i do bazy danych kodu, skrypt\u00f3w i oprogramowania mog\u0105cych wyrz\u0105dzi\u0107 szkod\u0119 oprogramowaniu Serwisu, innym Us\u0142ugobiorcom lub Us\u0142ugodawcy,<\/li><li>podejmowania pr\u00f3b wgrywania lub wszczykiwania na serwer i do bazy danych kodu, skrypt\u00f3w i oprogramowania mog\u0105cych \u015bledzi\u0107 lub wykrada\u0107 dane Us\u0142ugobiorc\u00f3w lub Us\u0142ugodawcy,<\/li><li>podejmowania jakichkolwiek dzia\u0142a\u0144 maj\u0105cych na celu uszkodzenie, zablokowanie dzia\u0142ania Serwisu lub uniemo\u017cliwienie realizacji celu w jakim dzia\u0142a Serwis.<\/li><\/ul><\/li><li>W przypadku wykrycia zaistnienia lub potencjalnej mo\u017cliwo\u015bci zaistnienia incydentu Cyberbezpiecze\u0144stwa lub naruszenia RODO, Us\u0142ugobiorcy w pierwszej kolejno\u015bci powinni zg\u0142osi\u0107 ten fakt Us\u0142ugodawcy w celu szybkiego usuni\u0119cia problemu \/ zagro\u017cenia i zabezpieczenia interes\u00f3w wszystkich Us\u0142ugobiorc\u00f3w Serwisu.<\/li><\/ul><h2>IV. Warunki komunikacji i \u015bwiadczenia pozosta\u0142ych us\u0142ug w Serwisie<\/h2><ul><li>Serwis udost\u0119pnia us\u0142ugi i narz\u0119dzia umo\u017cliwiaj\u0105ce Us\u0142ugobiorcom interakcj\u0119 z Serwisem w postaci:<ul><li>Formularz kontaktowy<\/li><\/ul><\/li><li>Serwis udost\u0119pnia dane kontaktowe w postaci:<ul><li>Adresu e-mail<\/li><li>Telefonu kontaktowego<\/li><\/ul><\/li><li>W przypadku kontaktu Us\u0142ugobiorcy z Us\u0142ugodawc\u0105, dane osobowe Us\u0142ugobiorc\u00f3w b\u0119da przetwarzane zgodnie z &#8222;<a href=\"https:\/\/meblo-mat.com\/de\/polityka-prywatnosci\/\">Polityk\u0105 Prywatno\u015bci<\/a>&#8222;, stanowi\u0105c\u0105 integraln\u0105 cz\u0119\u015b\u0107 Regulaminu.<\/li><\/ul><h2>V. Gromadzenie danych o Us\u0142ugobiorcach<\/h2><p>W celu prawid\u0142owego \u015bwiadczenia us\u0142ug przez Serwis, zabezpieczenia prawnego interesu Us\u0142ugodawcy oraz w celu zapewnienia zgodno\u015bci dzia\u0142ania Serwisu z obowi\u0105zuj\u0105cym prawem, Us\u0142ugodawca za po\u015brednictwem Serwisu gromadzi i przetwarza niekt\u00f3re dane o U\u017cytkownikach.<\/p><p>W celu prawid\u0142owego \u015bwiadczenia us\u0142ug, Serwis wykorzystuje i zapisuje niekt\u00f3re anonimowe informacje o Us\u0142ugobiorcy w plikach cookies.<\/p><p>Zakres, cele, spos\u00f3b oraz zasady przetwarzania danych dost\u0119pne s\u0105 w za\u0142\u0105cznikach do Regulaminu: \u201e<a>Obowi\u0105zek informacyjny RODO<\/a>\u201d oraz w \u201e<a href=\"https:\/\/meblo-mat.com\/de\/polityka-prywatnosci\/\">Polityce prywatno\u015bci<\/a>\u201e, stanowi\u0105cych integraln\u0105 cz\u0119\u015b\u0107 Regulaminu.<\/p><h2>VI. Prawa autorskie<\/h2><ul><li>W\u0142a\u015bcicielem Serwisu oraz praw autorskich do serwisu jest Us\u0142ugodawca.<\/li><li>Cz\u0119\u015b\u0107 danych zamieszczonych w Serwisie s\u0105 chronione prawami autorskimi nale\u017c\u0105cymi do firm, instytucji i os\u00f3b trzecich, niepowi\u0105zanych w jakikolwiek spos\u00f3b z Us\u0142ugodawc\u0105, i s\u0105 wykorzystywane na podstawie uzyskanych licencji, lub opartych na licencji darmowej.<\/li><li>Na podstawie Ustawy z dnia 4 lutego 1994 o prawie autorskim zabrania si\u0119 wykorzystywania, kopiowania, reprodukowania w jakiejkolwiek formie oraz przetrzymywania w systemach wyszukiwania z wy\u0142\u0105czeniem wyszukiwarki Google, Bing, Yahoo, NetSprint, DuckDuckGo, Facebook oraz LinkedIn jakichkolwiek artyku\u0142\u00f3w, opis\u00f3w, zdj\u0119\u0107 oraz wszelkich innych tre\u015bci, materia\u0142\u00f3w graficznych, wideo lub audio znajduj\u0105cych si\u0119 w Serwisie bez pisemnej zgody lub zgody przekazanej za pomoc\u0105 Komunikacji Drog\u0105 Elektroniczn\u0105 ich prawnego w\u0142a\u015bciciela.<\/li><li>Zgodnie z Ustaw\u0105 z dnia 4 lutego 1994 o prawie autorskim ochronie nie podlegaj\u0105 proste informacje prasowe, rozumiane jako same informacje, bez komentarza i oceny ich autora. Autor rozumie to jako mo\u017cliwo\u015b\u0107 wykorzystywania informacji z zamieszczonych w serwisie tekst\u00f3w, ale ju\u017c nie kopiowania ca\u0142o\u015bci lub cz\u0119\u015bci artyku\u0142\u00f3w o ile nie zosta\u0142o to oznaczone w poszczeg\u00f3lnym materiale udost\u0119pnionym w Serwisie.<\/li><\/ul><h2>VII. Zmiany Regulaminu<\/h2><ul><li>Wszelkie postanowienia Regulaminu mog\u0105 by\u0107 w ka\u017cdej chwili jednostronnie zmieniane przez Us\u0142ugodawc\u0119, bez podawania przyczyn.<\/li><li>Zmiany Regulaminu wchodz\u0105 w \u017cycie natychmiast po ich publikacji.<\/li><li>Traktuje si\u0119 i\u017c ka\u017cdy Us\u0142ugobiorca, kontynuuj\u0105cy korzystanie z Serwisu po zmianie Regulaminu akceptuje go w ca\u0142o\u015bci.<\/li><\/ul><h2>VIII. Postanowienia ko\u0144cowe<\/h2><ul><li>Us\u0142ugodawca dokona wszelkich stara\u0144 by us\u0142ugi Serwisu by\u0142y oferowane w spos\u00f3b ci\u0105g\u0142y. Nie ponosi on jednak \u017cadnej odpowiedzialno\u015bci za zak\u0142\u00f3cenia spowodowane si\u0142\u0105 wy\u017csz\u0105 lub niedozwolon\u0105 ingerencj\u0105 Us\u0142ugobiorc\u00f3w, os\u00f3b trzecich czy dzia\u0142alno\u015bci\u0105 zewn\u0119trznych automatycznych program\u00f3w.<\/li><li>Us\u0142ugodawca zastrzega sobie prawo do zmiany jakichkolwiek informacji umieszczonych w Serwisie w wybranym przez Us\u0142ugodawc\u0119 terminie, bez konieczno\u015bci uprzedniego powiadomienia Us\u0142ugobiorc\u00f3w korzystaj\u0105cych z us\u0142ug Serwisu.<\/li><li>Us\u0142ugodawca zastrzega sobie prawo do czasowego, ca\u0142kowitego lub cz\u0119\u015bciowego wy\u0142\u0105czenia Serwisu w celu jego ulepszenia, dodawania us\u0142ug lub przeprowadzania konserwacji, bez wcze\u015bniejszego uprzedzania o tym Us\u0142ugobiorc\u00f3w.<\/li><li>Us\u0142ugodawca zastrzega sobie prawo do wy\u0142\u0105czenia Serwisu na sta\u0142e, bez wcze\u015bniejszego uprzedzania o tym Us\u0142ugobiorc\u00f3w.<\/li><li>Us\u0142ugodawca zastrzega sobie prawo do dokonania cesji w cz\u0119\u015bci lub w ca\u0142o\u015bci wszelkich swoich praw i obowi\u0105zk\u00f3w zwi\u0105zanych z Serwisem, bez zgody i mo\u017cliwo\u015bci wyra\u017cania jakichkolwiek sprzeciw\u00f3w przez Us\u0142ugobiorc\u00f3w.<\/li><li>Obowi\u0105zuj\u0105ce oraz poprzednie Regulaminy Serwisu znajduj\u0119 si\u0119 na tej podstronie pod aktualnym Regulaminem.<\/li><li>We wszelkich sprawach zwi\u0105zanych z dzia\u0142alno\u015bci\u0105 Serwisu nale\u017cy kontaktowa\u0107 si\u0119 z Us\u0142ugodawc\u0119 korzystaj\u0105c z jednej z poni\u017cszych form kontaktu:<ul><li>U\u017cywaj\u0105c formularza kontaktowego dost\u0119pnego w Serwisie<\/li><li>Wysy\u0142aj\u0105c wiadomo\u015b\u0107 na adres e-mail: meblomat.meblenawymiar@gmail.com<\/li><li>Poprzez po\u0142\u0105czenie telefoniczne z numerem: +48 604 621 450<\/li><\/ul>Kontakt przy u\u017cyciu wskazanych \u015brodk\u00f3w komunikacji wy\u0142\u0105cznie w sprawach zwi\u0105zanych z prowadzonym Serwisem.<\/li><\/ul>\t\t\t\t\t\t\t\t<\/div>\n\t\t\t\t\t<\/div>\n\t\t\t\t<\/div>\n\t\t\t\t<\/div>","protected":false},"excerpt":{"rendered":"<p>Regulamin serwisu I. Poj\u0119cia og\u00f3lne Regulamin \u2013 niniejszy regulamin Serwis \u2013 serwis internetowych &#8222;Meblo-mat.com&#8221;, dzia\u0142aj\u0105cych pod adresem https:\/\/meblo-mat.com Us\u0142ugodawca \u2013 firma &#8222;MebloMat Pawe\u0142 Matu\u0142a&#8221; z adresem siedziby: Strysz\u00f3w 519, 34\u2011146 Strysz\u00f3w, NIP: 5512202643, Us\u0142ugobiorca \u2013 ka\u017cda osoba fizyczna, uzyskuj\u0105ca dost\u0119p do Serwisu i korzystaj\u0105ca z us\u0142ug \u015bwiadczonych za po\u015brednictwem Serwisu przez Us\u0142ugodawc\u0119. Komunikacja Drog\u0105 Elektroniczn\u0105 [&hellip;]<\/p>","protected":false},"author":1,"featured_media":0,"parent":0,"menu_order":0,"comment_status":"closed","ping_status":"closed","template":"","meta":{"footnotes":""},"class_list":["post-624","page","type-page","status-publish","hentry"],"_links":{"self":[{"href":"https:\/\/meblo-mat.com\/de\/wp-json\/wp\/v2\/pages\/624","targetHints":{"allow":["GET"]}}],"collection":[{"href":"https:\/\/meblo-mat.com\/de\/wp-json\/wp\/v2\/pages"}],"about":[{"href":"https:\/\/meblo-mat.com\/de\/wp-json\/wp\/v2\/types\/page"}],"author":[{"embeddable":true,"href":"https:\/\/meblo-mat.com\/de\/wp-json\/wp\/v2\/users\/1"}],"replies":[{"embeddable":true,"href":"https:\/\/meblo-mat.com\/de\/wp-json\/wp\/v2\/comments?post=624"}],"version-history":[{"count":4,"href":"https:\/\/meblo-mat.com\/de\/wp-json\/wp\/v2\/pages\/624\/revisions"}],"predecessor-version":[{"id":628,"href":"https:\/\/meblo-mat.com\/de\/wp-json\/wp\/v2\/pages\/624\/revisions\/628"}],"wp:attachment":[{"href":"https:\/\/meblo-mat.com\/de\/wp-json\/wp\/v2\/media?parent=624"}],"curies":[{"name":"wp","href":"https:\/\/api.w.org\/{rel}","templated":true}]}}